{"id":85,"date":"2018-04-10T20:13:25","date_gmt":"2018-04-10T18:13:25","guid":{"rendered":"https:\/\/www.amigo.wroc.pl\/?page_id=85"},"modified":"2018-04-10T22:12:59","modified_gmt":"2018-04-10T20:12:59","slug":"nauka","status":"publish","type":"page","link":"https:\/\/www.amigo.wroc.pl\/index.php\/nauka\/","title":{"rendered":"Nauka"},"content":{"rendered":"<p>Poni\u017cej znajduj\u0105 si\u0119 linki odnosz\u0105ce si\u0119 do r\u00f3\u017cnych wydarze\u0144 oraz zagadnie\u0144 naukowych zwi\u0105zanych najcz\u0119\u015bciej z \u017cywno\u015bci\u0105 i czynnikami \u015brodowiskowymi mog\u0105cymi mie\u0107 wp\u0142yw na zdrowie cz\u0142owieka:<\/p>\n<p><a href=\"https:\/\/www.amigo.wroc.pl\/index.php\/nauka\/filmy-z-wykladami-iii-konferencja-czlowiek-zywnosc-zdrowie-wroclaw-16-17-03-2018\/\"><strong>Filmy z wyk\u0142adami wyg\u0142oszonymi podczas III Konferencji Naukowej &#8222;Cz\u0142owiek-\u017bywno\u015b\u0107-Zdrowie&#8221; w dniach 16-17.03.2018 na Uniwersytecie Przyrodniczym we Wroc\u0142awiu.<\/strong><\/a><\/p>\n","protected":false},"excerpt":{"rendered":"<p>Poni\u017cej znajduj\u0105 si\u0119 linki odnosz\u0105ce si\u0119 do r\u00f3\u017cnych wydarze\u0144 oraz zagadnie\u0144 naukowych zwi\u0105zanych najcz\u0119\u015bciej z \u017cywno\u015bci\u0105 i czynnikami \u015brodowiskowymi mog\u0105cymi mie\u0107 wp\u0142yw na zdrowie cz\u0142owieka: Filmy z wyk\u0142adami wyg\u0142oszonymi podczas III Konferencji Naukowej &#8222;Cz\u0142owiek-\u017bywno\u015b\u0107-Zdrowie&#8221; w dniach 16-17.03.2018 na Uniwersytecie Przyrodniczym we Wroc\u0142awiu.<\/p>\n","protected":false},"author":1,"featured_media":86,"parent":0,"menu_order":0,"comment_status":"closed","ping_status":"closed","template":"","meta":[],"_links":{"self":[{"href":"https:\/\/www.amigo.wroc.pl\/index.php\/wp-json\/wp\/v2\/pages\/85"}],"collection":[{"href":"https:\/\/www.amigo.wroc.pl\/index.php\/wp-json\/wp\/v2\/pages"}],"about":[{"href":"https:\/\/www.amigo.wroc.pl\/index.php\/wp-json\/wp\/v2\/types\/page"}],"author":[{"embeddable":true,"href":"https:\/\/www.amigo.wroc.pl\/index.php\/wp-json\/wp\/v2\/users\/1"}],"replies":[{"embeddable":true,"href":"https:\/\/www.amigo.wroc.pl\/index.php\/wp-json\/wp\/v2\/comments?post=85"}],"version-history":[{"count":2,"href":"https:\/\/www.amigo.wroc.pl\/index.php\/wp-json\/wp\/v2\/pages\/85\/revisions"}],"predecessor-version":[{"id":93,"href":"https:\/\/www.amigo.wroc.pl\/index.php\/wp-json\/wp\/v2\/pages\/85\/revisions\/93"}],"wp:featuredmedia":[{"embeddable":true,"href":"https:\/\/www.amigo.wroc.pl\/index.php\/wp-json\/wp\/v2\/media\/86"}],"wp:attachment":[{"href":"https:\/\/www.amigo.wroc.pl\/index.php\/wp-json\/wp\/v2\/media?parent=85"}],"curies":[{"name":"wp","href":"https:\/\/api.w.org\/{rel}","templated":true}]}}