{"id":64,"date":"2018-04-10T18:59:14","date_gmt":"2018-04-10T16:59:14","guid":{"rendered":"https:\/\/www.amigo.wroc.pl\/?page_id=64"},"modified":"2024-02-13T14:31:17","modified_gmt":"2024-02-13T13:31:17","slug":"turystyka","status":"publish","type":"page","link":"https:\/\/www.amigo.wroc.pl\/index.php\/turystyka\/","title":{"rendered":"Turystyka"},"content":{"rendered":"<p>Poni\u017cej znajduj\u0105 si\u0119 linki do wpis\u00f3w zwi\u0105zanych z tematyk\u0105 turystyczn\u0105:<\/p>\n<p><a href=\"https:\/\/www.amigo.wroc.pl\/index.php\/2024\/02\/13\/trzecia-ksiazka-doskonalenie-jakosci-uslug-przewodnickich-w-dobie-pandemii\/\"><strong>Ksi\u0105\u017cka z 2023 roku: &#8222;Doskonalenie jako\u015bci us\u0142ug przewodnickich w dobie pandemii&#8221;<\/strong><\/a><\/p>\n<p><a href=\"https:\/\/www.amigo.wroc.pl\/index.php\/1st-international-scientific-conference-tourism-food-health-25-26-october-2024-wroclaw-poland\/\"><strong>I Mi\u0119dzynarodowa Konferencja Naukowa &#8222;Turystyka &#8211; \u017bywno\u015b\u0107 &#8211; Zdrowie&#8221; 25-26.10.2024<\/strong><\/a><\/p>\n<p><a href=\"https:\/\/www.amigo.wroc.pl\/index.php\/2024\/01\/26\/kolejna-ksiazka-nowe-trendy-w-pracy-przewodnickiej\/\"><strong>Ksi\u0105\u017cka z 2022 roku: &#8222;Nowe trendy w pracy przewodnickiej&#8221;<\/strong><\/a><\/p>\n<p><a href=\"https:\/\/www.amigo.wroc.pl\/index.php\/vii-konferencja-naukowo-turystyczna-2022\/\"><strong>VII Konferencja Naukowo-Turystyczna 2022<\/strong><\/a><\/p>\n<p><a href=\"https:\/\/www.amigo.wroc.pl\/index.php\/2022\/01\/06\/nowa-ksiazka-determinanty-jakosci-pracy-przewodnickiej\/\"><strong>Ksi\u0105\u017cka z XII 2021: &#8222;Determinanty jako\u015bci pracy przewodnickiej&#8221;<\/strong><\/a><\/p>\n<p><a href=\"https:\/\/www.amigo.wroc.pl\/index.php\/2020\/08\/25\/rok-2020-info-oraz-mini-galeria-z-bieszczad\/\"><strong>BIESZCZADY 2020 &#8211; 6 zdj\u0119\u0107<\/strong><\/a><\/p>\n<p><a href=\"https:\/\/www.amigo.wroc.pl\/index.php\/turystyka\/gruzja-filmy\/\"><strong>GRUZJA 2018 &#8211; 3 filmy<\/strong><\/a><\/p>\n<p>&nbsp;<\/p>\n<p>Nasze archiwalne strony turystyczne z czas\u00f3w, kiedy prowadzili\u015bmy dzia\u0142alno\u015b\u0107 komercyjn\u0105:<\/p>\n<p>Strona o wycieczce do <a href=\"https:\/\/www.amigo.wroc.pl\/index.php\/turystyka\/praga-czechy-wycieczka-dwudniowa\/\">Pragi z 2019 roku<\/a><\/p>\n<p><a href=\"https:\/\/www.amigo.wroc.pl\/index_old.htm\">Strona g\u0142\u00f3wna naszego biura w stylistyce tamtych czas\u00f3w prowadzona w latach 1999-2018<\/a><\/p>\n<p>&nbsp;<\/p>\n","protected":false},"excerpt":{"rendered":"<p>Poni\u017cej znajduj\u0105 si\u0119 linki do wpis\u00f3w zwi\u0105zanych z tematyk\u0105 turystyczn\u0105: Ksi\u0105\u017cka z 2023 roku: &#8222;Doskonalenie jako\u015bci us\u0142ug przewodnickich w dobie pandemii&#8221; I Mi\u0119dzynarodowa Konferencja Naukowa &#8222;Turystyka &#8211; \u017bywno\u015b\u0107 &#8211; Zdrowie&#8221; 25-26.10.2024 Ksi\u0105\u017cka z 2022 roku: &#8222;Nowe trendy w pracy przewodnickiej&#8221; VII Konferencja Naukowo-Turystyczna 2022 Ksi\u0105\u017cka z XII 2021: &#8222;Determinanty jako\u015bci pracy przewodnickiej&#8221; BIESZCZADY 2020 &#8211; &hellip; <\/p>\n<p class=\"link-more\"><a href=\"https:\/\/www.amigo.wroc.pl\/index.php\/turystyka\/\" class=\"more-link\">Czytaj dalej<span class=\"screen-reader-text\"> Turystyka<\/span><\/a><\/p>\n","protected":false},"author":1,"featured_media":65,"parent":0,"menu_order":0,"comment_status":"closed","ping_status":"closed","template":"","meta":[],"_links":{"self":[{"href":"https:\/\/www.amigo.wroc.pl\/index.php\/wp-json\/wp\/v2\/pages\/64"}],"collection":[{"href":"https:\/\/www.amigo.wroc.pl\/index.php\/wp-json\/wp\/v2\/pages"}],"about":[{"href":"https:\/\/www.amigo.wroc.pl\/index.php\/wp-json\/wp\/v2\/types\/page"}],"author":[{"embeddable":true,"href":"https:\/\/www.amigo.wroc.pl\/index.php\/wp-json\/wp\/v2\/users\/1"}],"replies":[{"embeddable":true,"href":"https:\/\/www.amigo.wroc.pl\/index.php\/wp-json\/wp\/v2\/comments?post=64"}],"version-history":[{"count":18,"href":"https:\/\/www.amigo.wroc.pl\/index.php\/wp-json\/wp\/v2\/pages\/64\/revisions"}],"predecessor-version":[{"id":436,"href":"https:\/\/www.amigo.wroc.pl\/index.php\/wp-json\/wp\/v2\/pages\/64\/revisions\/436"}],"wp:featuredmedia":[{"embeddable":true,"href":"https:\/\/www.amigo.wroc.pl\/index.php\/wp-json\/wp\/v2\/media\/65"}],"wp:attachment":[{"href":"https:\/\/www.amigo.wroc.pl\/index.php\/wp-json\/wp\/v2\/media?parent=64"}],"curies":[{"name":"wp","href":"https:\/\/api.w.org\/{rel}","templated":true}]}}